{"id":42,"date":"2022-01-14T12:44:57","date_gmt":"2022-01-14T12:44:57","guid":{"rendered":"https:\/\/www.petrsuda.cz\/?page_id=42"},"modified":"2024-03-01T16:41:50","modified_gmt":"2024-03-01T16:41:50","slug":"kontakt","status":"publish","type":"page","link":"https:\/\/www.mezzi.cz\/?page_id=42","title":{"rendered":"Kontakt"},"content":{"rendered":"\n<div class=\"wp-block-group\"><div class=\"wp-block-group__inner-container is-layout-flow wp-block-group-is-layout-flow\">\n<div class=\"wp-block-group\"><div class=\"wp-block-group__inner-container is-layout-flow wp-block-group-is-layout-flow\">\n<div class=\"wp-block-group\"><div class=\"wp-block-group__inner-container is-layout-flow wp-block-group-is-layout-flow\">\n<p class=\"has-small-font-size\"><strong>MEZZI Group s.r.o.<\/strong><\/p>\n\n\n\n<p style=\"font-size:14px\"><br>I\u010cO: 21055891<br>DI\u010c: CZ21055891 &nbsp;<\/p>\n<\/div><\/div>\n\n\n\n<p class=\"has-small-font-size\">777 999 299<br>602 700 100<br><a href=\"mailto:obchod@mezzi.cz\">obchod@mezzi.cz<\/a><br><\/p>\n<\/div><\/div>\n\n\n\n<p class=\"has-small-font-size\">S\u00eddlo spole\u010dnosti: Na dolin\u00e1ch 1272\/41, Nusle, 140 00 Praha 4<br>&nbsp;<\/p>\n\n\n\n<p style=\"font-size:12px\">Spole\u010dnost je zaps\u00e1na v obchodn\u00edm rejst\u0159\u00edku veden\u00e9m M\u011bstsk\u00fdm soudem v Praze, odd\u00edl C, vlo\u017eka 396315.<\/p>\n<\/div><\/div>\n","protected":false},"excerpt":{"rendered":"<p>MEZZI Group s.r.o. I\u010cO: 21055891DI\u010c: CZ21055891 &nbsp; 777 999 299602 700 100obchod@mezzi.cz S\u00eddlo spole\u010dnosti: Na dolin\u00e1ch 1272\/41, Nusle, 140 00 Praha 4&nbsp; Spole\u010dnost je zaps\u00e1na v obchodn\u00edm rejst\u0159\u00edku veden\u00e9m M\u011bstsk\u00fdm soudem v Praze, odd\u00edl C, vlo\u017eka 396315.<\/p>\n","protected":false},"author":1,"featured_media":95,"parent":0,"menu_order":3,"comment_status":"closed","ping_status":"closed","template":"","meta":{"footnotes":""},"class_list":["post-42","page","type-page","status-publish","has-post-thumbnail","hentry"],"_links":{"self":[{"href":"https:\/\/www.mezzi.cz\/index.php?rest_route=\/wp\/v2\/pages\/42","targetHints":{"allow":["GET"]}}],"collection":[{"href":"https:\/\/www.mezzi.cz\/index.php?rest_route=\/wp\/v2\/pages"}],"about":[{"href":"https:\/\/www.mezzi.cz\/index.php?rest_route=\/wp\/v2\/types\/page"}],"author":[{"embeddable":true,"href":"https:\/\/www.mezzi.cz\/index.php?rest_route=\/wp\/v2\/users\/1"}],"replies":[{"embeddable":true,"href":"https:\/\/www.mezzi.cz\/index.php?rest_route=%2Fwp%2Fv2%2Fcomments&post=42"}],"version-history":[{"count":10,"href":"https:\/\/www.mezzi.cz\/index.php?rest_route=\/wp\/v2\/pages\/42\/revisions"}],"predecessor-version":[{"id":161,"href":"https:\/\/www.mezzi.cz\/index.php?rest_route=\/wp\/v2\/pages\/42\/revisions\/161"}],"wp:featuredmedia":[{"embeddable":true,"href":"https:\/\/www.mezzi.cz\/index.php?rest_route=\/wp\/v2\/media\/95"}],"wp:attachment":[{"href":"https:\/\/www.mezzi.cz\/index.php?rest_route=%2Fwp%2Fv2%2Fmedia&parent=42"}],"curies":[{"name":"wp","href":"https:\/\/api.w.org\/{rel}","templated":true}]}}