{"id":53,"date":"2022-01-14T13:05:25","date_gmt":"2022-01-14T13:05:25","guid":{"rendered":"https:\/\/www.petrsuda.cz\/?page_id=53"},"modified":"2024-01-08T12:50:53","modified_gmt":"2024-01-08T12:50:53","slug":"spollu-crm","status":"publish","type":"page","link":"https:\/\/www.mezzi.cz\/?page_id=53","title":{"rendered":"MEZZI-CRM"},"content":{"rendered":"\n<p class=\"has-small-font-size\">Obchodn\u00ed a komunika\u010dn\u00ed syst\u00e9m\u00a0MEZZI-CRM\u00a0je unik\u00e1tn\u00edm \u0159e\u0161en\u00edm veden\u00ed a sledov\u00e1n\u00ed obchodn\u00edch p\u0159\u00edpad\u016f, d\u00edky kter\u00e9mu je v\u016fbec mo\u017en\u00e9 tak slo\u017eit\u00fd projekt realizovat. Spojuje v\u0161echny nejmodern\u011bj\u0161\u00ed softwarov\u00e9, technick\u00e9 a technologick\u00e9 prvky. Z\u00e1kladn\u00edm kamenem je Sugar CRM, kter\u00e9 je jedno z nejlep\u0161\u00edch a nejroz\u0161\u00ed\u0159en\u011bj\u0161\u00edch \u0159e\u0161en\u00ed CRM na sv\u011bt\u011b.<\/p>\n\n\n\n<p class=\"has-small-font-size\">Vz\u00e1jemn\u00fdm propojen\u00edm jednotliv\u00fdch obchodn\u00edch prvk\u016f a doprogramov\u00e1n\u00ed n\u011bkolika subsyst\u00e9m\u016f, z nich\u017e nejd\u016fle\u017eit\u011bj\u0161\u00edmi je&nbsp;<strong>Recommending program<\/strong>&nbsp;(<img decoding=\"async\" class=\"wp-image-109\" style=\"width: 210px;\" src=\"http:\/\/www.mezzi.cz\/wp-content\/uploads\/2022\/01\/Spollu-RECOMMENDING_lo-1024x62-1.jpg\" alt=\"\">)&nbsp;a<strong>&nbsp;Rozpadov\u00e1 tabulka v\u00fdnosu<\/strong>&nbsp;(<img decoding=\"async\" class=\"wp-image-105\" style=\"width: 120px;\" src=\"http:\/\/www.mezzi.cz\/wp-content\/uploads\/2022\/01\/Spollu-RTV_lo_ma.jpg\" alt=\"\"><a class=\"\" href=\"https:\/\/www.mezzi.cz\/w\/spollu\/spollu\/cache\/spollu-rtv_lo_ma_1600x900ms.jpg\"><\/a>)&nbsp;vzniklo \u0159e\u0161en\u00ed, ve kter\u00e9m je mo\u017en\u00e9 generovat a z\u00e1rove\u0148 sledovat des\u00edtky tis\u00edc kontakt\u016f, obchodn\u00edch p\u0159\u00edpad\u016f (P\u0159\u00edle\u017eitost\u00ed), Aktivit a dal\u0161\u00edch informac\u00ed a dat.<\/p>\n\n\n\n<p class=\"has-small-font-size\">Pro klienty i Partnery jsou vytvo\u0159ena prost\u0159ed\u00ed dostupn\u00e1 on-line na internetu pro PC nebo pro mobiln\u00ed za\u0159\u00edzen\u00ed. Obchodn\u00ed specialist\u00e9 Partner\u016f mohou kdykoli a kdekoli sledovat obchodn\u00ed p\u0159\u00edpady a v\u00e9st si sch\u016fzky, hovory nebo mohou p\u0159\u00edmo ze syst\u00e9mu MEZZI-CRM<a href=\"http:\/\/www.mezzi.cz\/spollu-crm\/\" target=\"_blank\" rel=\"noreferrer noopener\">\u00a0<\/a>telefonovat na uveden\u00e9 kontakty nebo pos\u00edlat e-maily. Ka\u017ed\u00fd den tak maj\u00ed obchodn\u00edci Partner\u016f p\u0159ehled, co je t\u0159eba ud\u011blat, komu zavolat apod.<\/p>\n\n\n\n<p class=\"has-small-font-size\">Obchodn\u00ed a komunika\u010dn\u00ed syst\u00e9m\u00a0MEZZI-CRM<a href=\"http:\/\/www.mezzi.cz\/spollu-crm\/\" target=\"_blank\" rel=\"noreferrer noopener\">\u00a0<\/a>je produktem MEZZI Group s.r.o. a jsme p\u0159ipraveni jej implementovat p\u0159\u00edpadn\u00fdm z\u00e1jemc\u016fm.<\/p>\n\n\n\n<p class=\"has-small-font-size\">Obchodn\u00ed a komunika\u010dn\u00ed syst\u00e9m\u00a0MEZZI-CRM<a href=\"http:\/\/www.mezzi.cz\/spollu-crm\/\" target=\"_blank\" rel=\"noreferrer noopener\">\u00a0<\/a>byl vyvinut ve spolupr\u00e1ci se spole\u010dnost\u00ed ACMARK s.r.o. (<a href=\"http:\/\/www.acmark.cz\/\" target=\"_blank\" rel=\"noreferrer noopener\">www.acmark.cz<\/a>).<\/p>\n\n\n\n<p><\/p>\n\n\n\n<p><\/p>\n\n\n\n<figure class=\"wp-block-image size-full is-resized\"><img loading=\"lazy\" decoding=\"async\" width=\"1524\" height=\"2560\" src=\"http:\/\/www.mezzi.cz\/wp-content\/uploads\/2024\/01\/Struktura-projektu-MEZZI_v1-scaled.jpg\" alt=\"\" class=\"wp-image-140\" style=\"width:587px;height:auto\" srcset=\"https:\/\/www.mezzi.cz\/wp-content\/uploads\/2024\/01\/Struktura-projektu-MEZZI_v1-scaled.jpg 1524w, https:\/\/www.mezzi.cz\/wp-content\/uploads\/2024\/01\/Struktura-projektu-MEZZI_v1-179x300.jpg 179w, https:\/\/www.mezzi.cz\/wp-content\/uploads\/2024\/01\/Struktura-projektu-MEZZI_v1-610x1024.jpg 610w, https:\/\/www.mezzi.cz\/wp-content\/uploads\/2024\/01\/Struktura-projektu-MEZZI_v1-768x1290.jpg 768w, https:\/\/www.mezzi.cz\/wp-content\/uploads\/2024\/01\/Struktura-projektu-MEZZI_v1-915x1536.jpg 915w, https:\/\/www.mezzi.cz\/wp-content\/uploads\/2024\/01\/Struktura-projektu-MEZZI_v1-1219x2048.jpg 1219w, https:\/\/www.mezzi.cz\/wp-content\/uploads\/2024\/01\/Struktura-projektu-MEZZI_v1-788x1323.jpg 788w\" sizes=\"auto, (max-width: 1524px) 100vw, 1524px\" \/><\/figure>\n","protected":false},"excerpt":{"rendered":"<p>Obchodn\u00ed a komunika\u010dn\u00ed syst\u00e9m\u00a0MEZZI-CRM\u00a0je unik\u00e1tn\u00edm \u0159e\u0161en\u00edm veden\u00ed a sledov\u00e1n\u00ed obchodn\u00edch p\u0159\u00edpad\u016f, d\u00edky kter\u00e9mu je v\u016fbec mo\u017en\u00e9 tak slo\u017eit\u00fd projekt realizovat. Spojuje v\u0161echny nejmodern\u011bj\u0161\u00ed softwarov\u00e9, technick\u00e9 a technologick\u00e9 prvky. Z\u00e1kladn\u00edm kamenem je Sugar CRM, kter\u00e9 je jedno z nejlep\u0161\u00edch a nejroz\u0161\u00ed\u0159en\u011bj\u0161\u00edch \u0159e\u0161en\u00ed CRM na sv\u011bt\u011b. Vz\u00e1jemn\u00fdm propojen\u00edm jednotliv\u00fdch obchodn\u00edch prvk\u016f a doprogramov\u00e1n\u00ed n\u011bkolika subsyst\u00e9m\u016f, z nich\u017e [&hellip;]<\/p>\n","protected":false},"author":1,"featured_media":95,"parent":0,"menu_order":4,"comment_status":"closed","ping_status":"closed","template":"","meta":{"footnotes":""},"class_list":["post-53","page","type-page","status-publish","has-post-thumbnail","hentry"],"_links":{"self":[{"href":"https:\/\/www.mezzi.cz\/index.php?rest_route=\/wp\/v2\/pages\/53","targetHints":{"allow":["GET"]}}],"collection":[{"href":"https:\/\/www.mezzi.cz\/index.php?rest_route=\/wp\/v2\/pages"}],"about":[{"href":"https:\/\/www.mezzi.cz\/index.php?rest_route=\/wp\/v2\/types\/page"}],"author":[{"embeddable":true,"href":"https:\/\/www.mezzi.cz\/index.php?rest_route=\/wp\/v2\/users\/1"}],"replies":[{"embeddable":true,"href":"https:\/\/www.mezzi.cz\/index.php?rest_route=%2Fwp%2Fv2%2Fcomments&post=53"}],"version-history":[{"count":7,"href":"https:\/\/www.mezzi.cz\/index.php?rest_route=\/wp\/v2\/pages\/53\/revisions"}],"predecessor-version":[{"id":142,"href":"https:\/\/www.mezzi.cz\/index.php?rest_route=\/wp\/v2\/pages\/53\/revisions\/142"}],"wp:featuredmedia":[{"embeddable":true,"href":"https:\/\/www.mezzi.cz\/index.php?rest_route=\/wp\/v2\/media\/95"}],"wp:attachment":[{"href":"https:\/\/www.mezzi.cz\/index.php?rest_route=%2Fwp%2Fv2%2Fmedia&parent=53"}],"curies":[{"name":"wp","href":"https:\/\/api.w.org\/{rel}","templated":true}]}}